{"id":498,"date":"2023-12-12T02:32:43","date_gmt":"2023-12-12T02:32:43","guid":{"rendered":"https:\/\/dentalsims.cl\/?page_id=498"},"modified":"2023-12-12T20:17:25","modified_gmt":"2023-12-12T20:17:25","slug":"servicio-tecnico","status":"publish","type":"page","link":"https:\/\/dentalsims.cl\/index.php\/servicio-tecnico\/","title":{"rendered":"Servicio T\u00e9cnico"},"content":{"rendered":"\t\t<div data-elementor-type=\"wp-page\" data-elementor-id=\"498\" class=\"elementor elementor-498\" data-elementor-settings=\"{&quot;ha_cmc_init_switcher&quot;:&quot;no&quot;}\">\n\t\t\t\t<div class=\"elementor-element elementor-element-3846d40 e-flex e-con-boxed e-con e-parent\" data-id=\"3846d40\" data-element_type=\"container\" data-e-type=\"container\" data-settings=\"{&quot;background_background&quot;:&quot;classic&quot;,&quot;_ha_eqh_enable&quot;:false}\">\n\t\t\t\t\t<div class=\"e-con-inner\">\n\t\t\t\t<div class=\"elementor-element elementor-element-a3d72e5 elementor-widget elementor-widget-heading\" data-id=\"a3d72e5\" data-element_type=\"widget\" data-e-type=\"widget\" data-widget_type=\"heading.default\">\n\t\t\t\t<div class=\"elementor-widget-container\">\n\t\t\t\t\t<h2 class=\"elementor-heading-title elementor-size-default\">Formulario de Servicio T\u00e9cnico<\/h2>\t\t\t\t<\/div>\n\t\t\t\t<\/div>\n\t\t\t\t<div class=\"elementor-element elementor-element-2692ebe elementor-widget elementor-widget-text-editor\" data-id=\"2692ebe\" data-element_type=\"widget\" data-e-type=\"widget\" data-widget_type=\"text-editor.default\">\n\t\t\t\t<div class=\"elementor-widget-container\">\n\t\t\t\t\t\t\t\t\t<p>Para una mejor atenci\u00f3n de nuestro equipo, favor llene todos los campos requeridos y nos pondremos en contacto con usted.<\/p>\t\t\t\t\t\t\t\t<\/div>\n\t\t\t\t<\/div>\n\t\t\t\t<div class=\"elementor-element elementor-element-4e94ba0 elementor-widget__width-initial elementor-widget elementor-widget-shortcode\" data-id=\"4e94ba0\" data-element_type=\"widget\" data-e-type=\"widget\" data-widget_type=\"shortcode.default\">\n\t\t\t\t<div class=\"elementor-widget-container\">\n\t\t\t\t\t\t\t<div class=\"elementor-shortcode\"><div class=\"wpforms-container wpforms-container-full wpforms-render-modern\" id=\"wpforms-261\"><form id=\"wpforms-form-261\" class=\"wpforms-validate wpforms-form wpforms-ajax-form\" data-formid=\"261\" method=\"post\" enctype=\"multipart\/form-data\" action=\"\/index.php\/wp-json\/wp\/v2\/pages\/498\" data-token=\"0bed23b7daab45dd5051ca1a75f15f38\" data-token-time=\"1775942918\"><noscript class=\"wpforms-error-noscript\">Por favor, activa JavaScript en tu navegador para completar este formulario.<\/noscript><div class=\"wpforms-hidden\" id=\"wpforms-error-noscript\">Por favor, activa JavaScript en tu navegador para completar este formulario.<\/div><div class=\"wpforms-field-container\"><div id=\"wpforms-261-field_1-container\" class=\"wpforms-field wpforms-field-name\" data-field-id=\"1\"><fieldset><legend class=\"wpforms-field-label\">Nombre <span class=\"wpforms-required-label\" aria-hidden=\"true\">*<\/span><\/legend><div class=\"wpforms-field-row wpforms-field-medium\"><div class=\"wpforms-field-row-block wpforms-first wpforms-one-half\"><input type=\"text\" id=\"wpforms-261-field_1\" class=\"wpforms-field-name-first wpforms-field-required\" name=\"wpforms[fields][1][first]\" aria-errormessage=\"wpforms-261-field_1-error\" required><label for=\"wpforms-261-field_1\" class=\"wpforms-field-sublabel after\">Nombre<\/label><\/div><div class=\"wpforms-field-row-block wpforms-one-half\"><input type=\"text\" id=\"wpforms-261-field_1-last\" class=\"wpforms-field-name-last wpforms-field-required\" name=\"wpforms[fields][1][last]\" aria-errormessage=\"wpforms-261-field_1-last-error\" required><label for=\"wpforms-261-field_1-last\" class=\"wpforms-field-sublabel after\">Apellidos<\/label><\/div><\/div><\/fieldset><\/div><div id=\"wpforms-261-field_17-container\" class=\"wpforms-field wpforms-field-text\" data-field-id=\"17\"><label class=\"wpforms-field-label\" for=\"wpforms-261-field_17\">Rut<\/label><input type=\"text\" id=\"wpforms-261-field_17\" class=\"wpforms-field-medium\" name=\"wpforms[fields][17]\" aria-errormessage=\"wpforms-261-field_17-error\" aria-describedby=\"wpforms-261-field_17-description\" ><div id=\"wpforms-261-field_17-description\" class=\"wpforms-field-description\">Ingrese el n\u00b0 sin puntos y guion. ej: 9999999-9<\/div><\/div><div id=\"wpforms-261-field_15-container\" class=\"wpforms-field wpforms-field-text\" data-field-id=\"15\"><label class=\"wpforms-field-label\" for=\"wpforms-261-field_15\">Tel\u00e9fono<\/label><input type=\"text\" id=\"wpforms-261-field_15\" class=\"wpforms-field-medium\" name=\"wpforms[fields][15]\" aria-errormessage=\"wpforms-261-field_15-error\" aria-describedby=\"wpforms-261-field_15-description\" ><div id=\"wpforms-261-field_15-description\" class=\"wpforms-field-description\">Ingrese su n\u00famero telef\u00f3nico ej: +569<\/div><\/div><div id=\"wpforms-261-field_4-container\" class=\"wpforms-field wpforms-field-email\" data-field-id=\"4\"><label class=\"wpforms-field-label\" for=\"wpforms-261-field_4\">Correo electr\u00f3nico <span class=\"wpforms-required-label\" aria-hidden=\"true\">*<\/span><\/label><input type=\"email\" id=\"wpforms-261-field_4\" class=\"wpforms-field-small wpforms-field-required\" name=\"wpforms[fields][4]\" spellcheck=\"false\" aria-errormessage=\"wpforms-261-field_4-error\" required><\/div><div id=\"wpforms-261-field_5-container\" class=\"wpforms-field wpforms-field-textarea\" data-field-id=\"5\"><label class=\"wpforms-field-label\" for=\"wpforms-261-field_5\">Descripci\u00f3n del equipo<\/label><textarea id=\"wpforms-261-field_5\" class=\"wpforms-field-small wpforms-limit-characters-enabled\" data-form-id=\"261\" data-field-id=\"5\" data-text-limit=\"1000\" name=\"wpforms[fields][5]\" aria-errormessage=\"wpforms-261-field_5-error\" maxlength=\"1000\" ><\/textarea><\/div><div id=\"wpforms-261-field_6-container\" class=\"wpforms-field wpforms-field-text\" data-field-id=\"6\"><label class=\"wpforms-field-label\" for=\"wpforms-261-field_6\">Modelo<\/label><input type=\"text\" id=\"wpforms-261-field_6\" class=\"wpforms-field-small wpforms-limit-characters-enabled\" data-form-id=\"261\" data-field-id=\"6\" data-text-limit=\"50\" name=\"wpforms[fields][6]\" aria-errormessage=\"wpforms-261-field_6-error\" maxlength=\"50\" ><\/div><div id=\"wpforms-261-field_7-container\" class=\"wpforms-field wpforms-field-text\" data-field-id=\"7\"><label class=\"wpforms-field-label\" for=\"wpforms-261-field_7\">Marca <span class=\"wpforms-required-label\" aria-hidden=\"true\">*<\/span><\/label><input type=\"text\" id=\"wpforms-261-field_7\" class=\"wpforms-field-small wpforms-field-required\" name=\"wpforms[fields][7]\" aria-errormessage=\"wpforms-261-field_7-error\" required><\/div><div id=\"wpforms-261-field_16-container\" class=\"wpforms-field wpforms-field-text\" data-field-id=\"16\"><label class=\"wpforms-field-label\" for=\"wpforms-261-field_16\">N\u00b0 de Serie<\/label><input type=\"text\" id=\"wpforms-261-field_16\" class=\"wpforms-field-medium\" name=\"wpforms[fields][16]\" aria-errormessage=\"wpforms-261-field_16-error\" aria-describedby=\"wpforms-261-field_16-description\" ><div id=\"wpforms-261-field_16-description\" class=\"wpforms-field-description\">Ingrese el n\u00famero de seria del equipo<\/div><\/div><div id=\"wpforms-261-field_9-container\" class=\"wpforms-field wpforms-field-text\" data-field-id=\"9\"><label class=\"wpforms-field-label\" for=\"wpforms-261-field_9\">Fecha de compra <\/label><input type=\"text\" id=\"wpforms-261-field_9\" class=\"wpforms-field-small\" name=\"wpforms[fields][9]\" aria-errormessage=\"wpforms-261-field_9-error\" ><\/div><div id=\"wpforms-261-field_10-container\" class=\"wpforms-field wpforms-field-radio\" data-field-id=\"10\"><fieldset><legend class=\"wpforms-field-label\">Tipo de servicio <span class=\"wpforms-required-label\" aria-hidden=\"true\">*<\/span><\/legend><ul id=\"wpforms-261-field_10\" class=\"wpforms-field-required\"><li class=\"choice-1 depth-1\"><input type=\"radio\" id=\"wpforms-261-field_10_1\" name=\"wpforms[fields][10]\" value=\"Reparaci\u00f3n de equipo en garant\u00eda\" aria-errormessage=\"wpforms-261-field_10_1-error\" required ><label class=\"wpforms-field-label-inline\" for=\"wpforms-261-field_10_1\">Reparaci\u00f3n de equipo en garant\u00eda<\/label><\/li><li class=\"choice-2 depth-1\"><input type=\"radio\" id=\"wpforms-261-field_10_2\" name=\"wpforms[fields][10]\" value=\"Mantenci\u00f3n\" aria-errormessage=\"wpforms-261-field_10_2-error\" required ><label class=\"wpforms-field-label-inline\" for=\"wpforms-261-field_10_2\">Mantenci\u00f3n<\/label><\/li><\/ul><\/fieldset><\/div><div id=\"wpforms-261-field_12-container\" class=\"wpforms-field wpforms-field-textarea\" data-field-id=\"12\"><label class=\"wpforms-field-label\" for=\"wpforms-261-field_12\">Descripci\u00f3n de la falla o problema. <span class=\"wpforms-required-label\" aria-hidden=\"true\">*<\/span><\/label><textarea id=\"wpforms-261-field_12\" class=\"wpforms-field-small wpforms-field-required wpforms-limit-characters-enabled\" data-form-id=\"261\" data-field-id=\"12\" data-text-limit=\"5000\" name=\"wpforms[fields][12]\" aria-errormessage=\"wpforms-261-field_12-error\" maxlength=\"5000\" required><\/textarea><\/div><\/div><!-- .wpforms-field-container --><div class=\"wpforms-submit-container\" ><input type=\"hidden\" name=\"wpforms[id]\" value=\"261\"><input type=\"hidden\" name=\"page_title\" value=\"\"><input type=\"hidden\" name=\"page_url\" value=\"https:\/\/dentalsims.cl\/index.php\/wp-json\/wp\/v2\/pages\/498\"><input type=\"hidden\" name=\"url_referer\" value=\"\"><button type=\"submit\" name=\"wpforms[submit]\" id=\"wpforms-submit-261\" class=\"wpforms-submit\" data-alt-text=\"Enviando...\" data-submit-text=\"Enviar\" aria-live=\"assertive\" value=\"wpforms-submit\">Enviar<\/button><img decoding=\"async\" src=\"https:\/\/dentalsims.cl\/wp-content\/plugins\/wpforms-lite\/assets\/images\/submit-spin.svg\" class=\"wpforms-submit-spinner\" style=\"display: none;\" width=\"26\" height=\"26\" alt=\"Cargando\"><\/div><\/form><\/div>  <!-- .wpforms-container --><\/div>\n\t\t\t\t\t\t<\/div>\n\t\t\t\t<\/div>\n\t\t\t\t\t<\/div>\n\t\t\t\t<\/div>\n\t\t\t\t<\/div>\n\t\t","protected":false},"excerpt":{"rendered":"<p>Formulario de Servicio T\u00e9cnico Para una mejor atenci\u00f3n de nuestro equipo, favor llene todos los campos requeridos y nos pondremos en contacto con usted.<\/p>\n","protected":false},"author":1,"featured_media":0,"parent":0,"menu_order":0,"comment_status":"closed","ping_status":"closed","template":"","meta":{"site-sidebar-layout":"no-sidebar","site-content-layout":"","ast-site-content-layout":"full-width-container","site-content-style":"default","site-sidebar-style":"default","ast-global-header-display":"","ast-banner-title-visibility":"","ast-main-header-display":"","ast-hfb-above-header-display":"","ast-hfb-below-header-display":"","ast-hfb-mobile-header-display":"","site-post-title":"disabled","ast-breadcrumbs-content":"","ast-featured-img":"disabled","footer-sml-layout":"","theme-transparent-header-meta":"","adv-header-id-meta":"","stick-header-meta":"","header-above-stick-meta":"","header-main-stick-meta":"","header-below-stick-meta":"","astra-migrate-meta-layouts":"default","ast-page-background-enabled":"default","ast-page-background-meta":{"desktop":{"background-color":"var(--ast-global-color-4)","background-image":"","background-repeat":"repeat","background-position":"center center","background-size":"auto","background-attachment":"scroll","background-type":"","background-media":"","overlay-type":"","overlay-color":"","overlay-opacity":"","overlay-gradient":""},"tablet":{"background-color":"","background-image":"","background-repeat":"repeat","background-position":"center center","background-size":"auto","background-attachment":"scroll","background-type":"","background-media":"","overlay-type":"","overlay-color":"","overlay-opacity":"","overlay-gradient":""},"mobile":{"background-color":"","background-image":"","background-repeat":"repeat","background-position":"center center","background-size":"auto","background-attachment":"scroll","background-type":"","background-media":"","overlay-type":"","overlay-color":"","overlay-opacity":"","overlay-gradient":""}},"ast-content-background-meta":{"desktop":{"background-color":"var(--ast-global-color-5)","background-image":"","background-repeat":"repeat","background-position":"center center","background-size":"auto","background-attachment":"scroll","background-type":"","background-media":"","overlay-type":"","overlay-color":"","overlay-opacity":"","overlay-gradient":""},"tablet":{"background-color":"var(--ast-global-color-5)","background-image":"","background-repeat":"repeat","background-position":"center center","background-size":"auto","background-attachment":"scroll","background-type":"","background-media":"","overlay-type":"","overlay-color":"","overlay-opacity":"","overlay-gradient":""},"mobile":{"background-color":"var(--ast-global-color-5)","background-image":"","background-repeat":"repeat","background-position":"center center","background-size":"auto","background-attachment":"scroll","background-type":"","background-media":"","overlay-type":"","overlay-color":"","overlay-opacity":"","overlay-gradient":""}},"_joinchat":[],"footnotes":""},"class_list":["post-498","page","type-page","status-publish","hentry"],"yoast_head":"<!-- This site is optimized with the Yoast SEO plugin v25.3.1 - https:\/\/yoast.com\/wordpress\/plugins\/seo\/ -->\n<title>Servicio T\u00e9cnico | DentalSims<\/title>\n<meta name=\"robots\" content=\"index, follow, max-snippet:-1, max-image-preview:large, max-video-preview:-1\" \/>\n<link rel=\"canonical\" href=\"https:\/\/dentalsims.cl\/index.php\/servicio-tecnico\/\" \/>\n<meta property=\"og:locale\" content=\"es_ES\" \/>\n<meta property=\"og:type\" content=\"article\" \/>\n<meta property=\"og:title\" content=\"Servicio T\u00e9cnico | DentalSims\" \/>\n<meta property=\"og:description\" content=\"Formulario de Servicio T\u00e9cnico Para una mejor atenci\u00f3n de nuestro equipo, favor llene todos los campos requeridos y nos pondremos en contacto con usted.\" \/>\n<meta property=\"og:url\" content=\"https:\/\/dentalsims.cl\/index.php\/servicio-tecnico\/\" \/>\n<meta property=\"og:site_name\" content=\"DentalSims\" \/>\n<meta property=\"article:publisher\" content=\"https:\/\/www.facebook.com\/profile.php?id=61554544680852\" \/>\n<meta property=\"article:modified_time\" content=\"2023-12-12T20:17:25+00:00\" \/>\n<meta property=\"og:image\" content=\"https:\/\/dentalsims.cl\/wp-content\/uploads\/2023\/12\/sillon-dental-cellphone.png\" \/>\n\t<meta property=\"og:image:width\" content=\"378\" \/>\n\t<meta property=\"og:image:height\" content=\"768\" \/>\n\t<meta property=\"og:image:type\" content=\"image\/png\" \/>\n<meta name=\"twitter:card\" content=\"summary_large_image\" \/>\n<script type=\"application\/ld+json\" class=\"yoast-schema-graph\">{\"@context\":\"https:\/\/schema.org\",\"@graph\":[{\"@type\":\"WebPage\",\"@id\":\"https:\/\/dentalsims.cl\/index.php\/servicio-tecnico\/\",\"url\":\"https:\/\/dentalsims.cl\/index.php\/servicio-tecnico\/\",\"name\":\"Servicio T\u00e9cnico | DentalSims\",\"isPartOf\":{\"@id\":\"https:\/\/dentalsims.cl\/#website\"},\"datePublished\":\"2023-12-12T02:32:43+00:00\",\"dateModified\":\"2023-12-12T20:17:25+00:00\",\"breadcrumb\":{\"@id\":\"https:\/\/dentalsims.cl\/index.php\/servicio-tecnico\/#breadcrumb\"},\"inLanguage\":\"es\",\"potentialAction\":[{\"@type\":\"ReadAction\",\"target\":[\"https:\/\/dentalsims.cl\/index.php\/servicio-tecnico\/\"]}]},{\"@type\":\"BreadcrumbList\",\"@id\":\"https:\/\/dentalsims.cl\/index.php\/servicio-tecnico\/#breadcrumb\",\"itemListElement\":[{\"@type\":\"ListItem\",\"position\":1,\"name\":\"Portada\",\"item\":\"https:\/\/dentalsims.cl\/\"},{\"@type\":\"ListItem\",\"position\":2,\"name\":\"Servicio T\u00e9cnico\"}]},{\"@type\":\"WebSite\",\"@id\":\"https:\/\/dentalsims.cl\/#website\",\"url\":\"https:\/\/dentalsims.cl\/\",\"name\":\"DentalSims\",\"description\":\"Mantencion de equipos dentales\",\"publisher\":{\"@id\":\"https:\/\/dentalsims.cl\/#organization\"},\"potentialAction\":[{\"@type\":\"SearchAction\",\"target\":{\"@type\":\"EntryPoint\",\"urlTemplate\":\"https:\/\/dentalsims.cl\/?s={search_term_string}\"},\"query-input\":{\"@type\":\"PropertyValueSpecification\",\"valueRequired\":true,\"valueName\":\"search_term_string\"}}],\"inLanguage\":\"es\"},{\"@type\":\"Organization\",\"@id\":\"https:\/\/dentalsims.cl\/#organization\",\"name\":\"DentalSims\",\"url\":\"https:\/\/dentalsims.cl\/\",\"logo\":{\"@type\":\"ImageObject\",\"inLanguage\":\"es\",\"@id\":\"https:\/\/dentalsims.cl\/#\/schema\/logo\/image\/\",\"url\":\"https:\/\/dentalsims.cl\/wp-content\/uploads\/2023\/12\/LOGO.png\",\"contentUrl\":\"https:\/\/dentalsims.cl\/wp-content\/uploads\/2023\/12\/LOGO.png\",\"width\":411,\"height\":150,\"caption\":\"DentalSims\"},\"image\":{\"@id\":\"https:\/\/dentalsims.cl\/#\/schema\/logo\/image\/\"},\"sameAs\":[\"https:\/\/www.facebook.com\/profile.php?id=61554544680852\",\"https:\/\/www.instagram.com\/dentalsims\/\"]}]}<\/script>\n<!-- \/ Yoast SEO plugin. -->","yoast_head_json":{"title":"Servicio T\u00e9cnico | DentalSims","robots":{"index":"index","follow":"follow","max-snippet":"max-snippet:-1","max-image-preview":"max-image-preview:large","max-video-preview":"max-video-preview:-1"},"canonical":"https:\/\/dentalsims.cl\/index.php\/servicio-tecnico\/","og_locale":"es_ES","og_type":"article","og_title":"Servicio T\u00e9cnico | DentalSims","og_description":"Formulario de Servicio T\u00e9cnico Para una mejor atenci\u00f3n de nuestro equipo, favor llene todos los campos requeridos y nos pondremos en contacto con usted.","og_url":"https:\/\/dentalsims.cl\/index.php\/servicio-tecnico\/","og_site_name":"DentalSims","article_publisher":"https:\/\/www.facebook.com\/profile.php?id=61554544680852","article_modified_time":"2023-12-12T20:17:25+00:00","og_image":[{"width":378,"height":768,"url":"https:\/\/dentalsims.cl\/wp-content\/uploads\/2023\/12\/sillon-dental-cellphone.png","type":"image\/png"}],"twitter_card":"summary_large_image","schema":{"@context":"https:\/\/schema.org","@graph":[{"@type":"WebPage","@id":"https:\/\/dentalsims.cl\/index.php\/servicio-tecnico\/","url":"https:\/\/dentalsims.cl\/index.php\/servicio-tecnico\/","name":"Servicio T\u00e9cnico | DentalSims","isPartOf":{"@id":"https:\/\/dentalsims.cl\/#website"},"datePublished":"2023-12-12T02:32:43+00:00","dateModified":"2023-12-12T20:17:25+00:00","breadcrumb":{"@id":"https:\/\/dentalsims.cl\/index.php\/servicio-tecnico\/#breadcrumb"},"inLanguage":"es","potentialAction":[{"@type":"ReadAction","target":["https:\/\/dentalsims.cl\/index.php\/servicio-tecnico\/"]}]},{"@type":"BreadcrumbList","@id":"https:\/\/dentalsims.cl\/index.php\/servicio-tecnico\/#breadcrumb","itemListElement":[{"@type":"ListItem","position":1,"name":"Portada","item":"https:\/\/dentalsims.cl\/"},{"@type":"ListItem","position":2,"name":"Servicio T\u00e9cnico"}]},{"@type":"WebSite","@id":"https:\/\/dentalsims.cl\/#website","url":"https:\/\/dentalsims.cl\/","name":"DentalSims","description":"Mantencion de equipos dentales","publisher":{"@id":"https:\/\/dentalsims.cl\/#organization"},"potentialAction":[{"@type":"SearchAction","target":{"@type":"EntryPoint","urlTemplate":"https:\/\/dentalsims.cl\/?s={search_term_string}"},"query-input":{"@type":"PropertyValueSpecification","valueRequired":true,"valueName":"search_term_string"}}],"inLanguage":"es"},{"@type":"Organization","@id":"https:\/\/dentalsims.cl\/#organization","name":"DentalSims","url":"https:\/\/dentalsims.cl\/","logo":{"@type":"ImageObject","inLanguage":"es","@id":"https:\/\/dentalsims.cl\/#\/schema\/logo\/image\/","url":"https:\/\/dentalsims.cl\/wp-content\/uploads\/2023\/12\/LOGO.png","contentUrl":"https:\/\/dentalsims.cl\/wp-content\/uploads\/2023\/12\/LOGO.png","width":411,"height":150,"caption":"DentalSims"},"image":{"@id":"https:\/\/dentalsims.cl\/#\/schema\/logo\/image\/"},"sameAs":["https:\/\/www.facebook.com\/profile.php?id=61554544680852","https:\/\/www.instagram.com\/dentalsims\/"]}]}},"_links":{"self":[{"href":"https:\/\/dentalsims.cl\/index.php\/wp-json\/wp\/v2\/pages\/498","targetHints":{"allow":["GET"]}}],"collection":[{"href":"https:\/\/dentalsims.cl\/index.php\/wp-json\/wp\/v2\/pages"}],"about":[{"href":"https:\/\/dentalsims.cl\/index.php\/wp-json\/wp\/v2\/types\/page"}],"author":[{"embeddable":true,"href":"https:\/\/dentalsims.cl\/index.php\/wp-json\/wp\/v2\/users\/1"}],"replies":[{"embeddable":true,"href":"https:\/\/dentalsims.cl\/index.php\/wp-json\/wp\/v2\/comments?post=498"}],"version-history":[{"count":10,"href":"https:\/\/dentalsims.cl\/index.php\/wp-json\/wp\/v2\/pages\/498\/revisions"}],"predecessor-version":[{"id":695,"href":"https:\/\/dentalsims.cl\/index.php\/wp-json\/wp\/v2\/pages\/498\/revisions\/695"}],"wp:attachment":[{"href":"https:\/\/dentalsims.cl\/index.php\/wp-json\/wp\/v2\/media?parent=498"}],"curies":[{"name":"wp","href":"https:\/\/api.w.org\/{rel}","templated":true}]}}