{"id":500,"date":"2023-12-12T02:33:17","date_gmt":"2023-12-12T02:33:17","guid":{"rendered":"https:\/\/dentalsims.cl\/?page_id=500"},"modified":"2025-06-11T00:45:36","modified_gmt":"2025-06-11T00:45:36","slug":"arriendo-de-equipos","status":"publish","type":"page","link":"https:\/\/dentalsims.cl\/index.php\/arriendo-de-equipos\/","title":{"rendered":"Arriendo de equipos"},"content":{"rendered":"\t\t<div data-elementor-type=\"wp-page\" data-elementor-id=\"500\" class=\"elementor elementor-500\" data-elementor-settings=\"{&quot;ha_cmc_init_switcher&quot;:&quot;no&quot;}\">\n\t\t\t\t<div class=\"elementor-element elementor-element-360d6a2 e-flex e-con-boxed e-con e-parent\" data-id=\"360d6a2\" data-element_type=\"container\" data-e-type=\"container\" data-settings=\"{&quot;_ha_eqh_enable&quot;:false}\">\n\t\t\t\t\t<div class=\"e-con-inner\">\n\t\t\t\t<div class=\"elementor-element elementor-element-e6113c5 elementor-widget elementor-widget-heading\" data-id=\"e6113c5\" data-element_type=\"widget\" data-e-type=\"widget\" data-widget_type=\"heading.default\">\n\t\t\t\t<div class=\"elementor-widget-container\">\n\t\t\t\t\t<h2 class=\"elementor-heading-title elementor-size-default\">Arriendo de equipos<\/h2>\t\t\t\t<\/div>\n\t\t\t\t<\/div>\n\t\t\t\t<div class=\"elementor-element elementor-element-dbc5e5f elementor-widget elementor-widget-text-editor\" data-id=\"dbc5e5f\" data-element_type=\"widget\" data-e-type=\"widget\" data-widget_type=\"text-editor.default\">\n\t\t\t\t<div class=\"elementor-widget-container\">\n\t\t\t\t\t\t\t\t\t<p style=\"text-align: center;\">En <strong>Dental SIMS<\/strong> contamos con el servicio de arriendo de equipos dentales certificados y con mantenciones adecuadas que permiten : <br \/>Cambio de equipos ante cualquier falla o inconveniente, evitando gastos y tiempo sin operar su sill\u00f3n dental.<br \/>Mantenimiento realizado por Dental SIMS, empresa arrendataria.<br \/>Disponibilidad de Equipos dentales siempre en condiciones operativos.<\/p>\t\t\t\t\t\t\t\t<\/div>\n\t\t\t\t<\/div>\n\t\t\t\t\t<\/div>\n\t\t\t\t<\/div>\n\t\t<div class=\"elementor-element elementor-element-38a06bf e-flex e-con-boxed e-con e-parent\" data-id=\"38a06bf\" data-element_type=\"container\" data-e-type=\"container\" data-settings=\"{&quot;_ha_eqh_enable&quot;:false}\">\n\t\t\t\t\t<div class=\"e-con-inner\">\n\t\t<div class=\"elementor-element elementor-element-79828e7 e-con-full e-flex e-con e-child\" data-id=\"79828e7\" data-element_type=\"container\" data-e-type=\"container\" data-settings=\"{&quot;_ha_eqh_enable&quot;:false}\">\n\t\t\t\t<div class=\"elementor-element elementor-element-f507ba9 elementor-position-top elementor-widget elementor-widget-image-box\" data-id=\"f507ba9\" data-element_type=\"widget\" data-e-type=\"widget\" data-widget_type=\"image-box.default\">\n\t\t\t\t<div class=\"elementor-widget-container\">\n\t\t\t\t\t<div class=\"elementor-image-box-wrapper\"><figure class=\"elementor-image-box-img\"><img fetchpriority=\"high\" decoding=\"async\" width=\"300\" height=\"300\" src=\"https:\/\/dentalsims.cl\/wp-content\/uploads\/2023\/12\/ejecutiva-dental-300x300-1.png\" class=\"attachment-full size-full wp-image-445\" alt=\"\" srcset=\"https:\/\/dentalsims.cl\/wp-content\/uploads\/2023\/12\/ejecutiva-dental-300x300-1.png 300w, https:\/\/dentalsims.cl\/wp-content\/uploads\/2023\/12\/ejecutiva-dental-300x300-1-150x150.png 150w\" sizes=\"(max-width: 300px) 100vw, 300px\" \/><\/figure><div class=\"elementor-image-box-content\"><h3 class=\"elementor-image-box-title\">Arriendos mensuales<\/h3><p class=\"elementor-image-box-description\">En Dental SIMS, facilitamos la operatividad de tu cl\u00ednica con nuestra diversa gama de equipos dentales disponibles para arriendo. Accede a la tecnolog\u00eda que necesitas con opciones flexibles que se adaptan a tus proyectos y periodos espec\u00edficos de uso.\n\nCont\u00e1ctanos hoy mismo para conocer nuestra disponibilidad y las condiciones de este servicio, y asegura la continuidad de tu atenci\u00f3n.<\/p><\/div><\/div>\t\t\t\t<\/div>\n\t\t\t\t<\/div>\n\t\t\t\t<\/div>\n\t\t<div class=\"elementor-element elementor-element-4296b85 e-con-full e-flex e-con e-child\" data-id=\"4296b85\" data-element_type=\"container\" data-e-type=\"container\" data-settings=\"{&quot;_ha_eqh_enable&quot;:false}\">\n\t\t\t\t<div class=\"elementor-element elementor-element-4e8df2e elementor-position-top elementor-widget elementor-widget-image-box\" data-id=\"4e8df2e\" data-element_type=\"widget\" data-e-type=\"widget\" data-widget_type=\"image-box.default\">\n\t\t\t\t<div class=\"elementor-widget-container\">\n\t\t\t\t\t<div class=\"elementor-image-box-wrapper\"><figure class=\"elementor-image-box-img\"><img decoding=\"async\" width=\"562\" height=\"597\" src=\"https:\/\/dentalsims.cl\/wp-content\/uploads\/2023\/12\/compresor-dental-1.png\" class=\"attachment-full size-full wp-image-429\" alt=\"\" srcset=\"https:\/\/dentalsims.cl\/wp-content\/uploads\/2023\/12\/compresor-dental-1.png 562w, https:\/\/dentalsims.cl\/wp-content\/uploads\/2023\/12\/compresor-dental-1-282x300.png 282w\" sizes=\"(max-width: 562px) 100vw, 562px\" \/><\/figure><div class=\"elementor-image-box-content\"><h3 class=\"elementor-image-box-title\">Compresor dental<\/h3><p class=\"elementor-image-box-description\">Sabemos que la continuidad operativa es esencial para tu cl\u00ednica dental. Por eso, en Dental SIMS te ofrecemos una soluci\u00f3n pr\u00e1ctica: el arriendo de compresores dentales. Asegura que siempre cuentes con el equipamiento necesario para mantener tu servicio sin interrupciones, con la flexibilidad que tu negocio necesita.<\/p><\/div><\/div>\t\t\t\t<\/div>\n\t\t\t\t<\/div>\n\t\t\t\t<\/div>\n\t\t<div class=\"elementor-element elementor-element-08a4120 e-con-full e-flex e-con e-child\" data-id=\"08a4120\" data-element_type=\"container\" data-e-type=\"container\" data-settings=\"{&quot;_ha_eqh_enable&quot;:false}\">\n\t\t\t\t<div class=\"elementor-element elementor-element-2544bc4 elementor-position-top elementor-widget elementor-widget-image-box\" data-id=\"2544bc4\" data-element_type=\"widget\" data-e-type=\"widget\" data-widget_type=\"image-box.default\">\n\t\t\t\t<div class=\"elementor-widget-container\">\n\t\t\t\t\t<div class=\"elementor-image-box-wrapper\"><figure class=\"elementor-image-box-img\"><img decoding=\"async\" width=\"300\" height=\"300\" src=\"https:\/\/dentalsims.cl\/wp-content\/uploads\/2023\/12\/turnina-dental-300x300-1.png\" class=\"attachment-full size-full wp-image-759\" alt=\"\" srcset=\"https:\/\/dentalsims.cl\/wp-content\/uploads\/2023\/12\/turnina-dental-300x300-1.png 300w, https:\/\/dentalsims.cl\/wp-content\/uploads\/2023\/12\/turnina-dental-300x300-1-150x150.png 150w\" sizes=\"(max-width: 300px) 100vw, 300px\" \/><\/figure><div class=\"elementor-image-box-content\"><h3 class=\"elementor-image-box-title\">Turbinas, micro-motor y contra-\u00e1ngulo.<\/h3><p class=\"elementor-image-box-description\">Comprendemos las altas exigencias de una atenci\u00f3n dental de excelencia, donde la operatividad constante de tus equipos es indispensable. Por eso, en Dental SIMS, facilitamos tu trabajo con el arriendo de turbinas, micromotores y contra-\u00e1ngulos. Accede a los instrumentos que necesitas de forma flexible, garantizando que tu cl\u00ednica siempre cumpla con los m\u00e1s altos est\u00e1ndares de calidad.<\/p><\/div><\/div>\t\t\t\t<\/div>\n\t\t\t\t<\/div>\n\t\t\t\t<\/div>\n\t\t<div class=\"elementor-element elementor-element-75cf33e e-con-full e-flex e-con e-child\" data-id=\"75cf33e\" data-element_type=\"container\" data-e-type=\"container\" data-settings=\"{&quot;_ha_eqh_enable&quot;:false}\">\n\t\t\t\t<\/div>\n\t\t<div class=\"elementor-element elementor-element-548bde6 e-con-full e-flex e-con e-child\" data-id=\"548bde6\" data-element_type=\"container\" data-e-type=\"container\" data-settings=\"{&quot;_ha_eqh_enable&quot;:false}\">\n\t\t\t\t<\/div>\n\t\t<div class=\"elementor-element elementor-element-d696085 e-con-full e-flex e-con e-child\" data-id=\"d696085\" data-element_type=\"container\" data-e-type=\"container\" data-settings=\"{&quot;_ha_eqh_enable&quot;:false}\">\n\t\t\t\t<\/div>\n\t\t\t\t\t<\/div>\n\t\t\t\t<\/div>\n\t\t\t\t<\/div>\n\t\t","protected":false},"excerpt":{"rendered":"<p>Arriendo de equipos En Dental SIMS contamos con el servicio de arriendo de equipos dentales certificados y con mantenciones adecuadas que permiten : Cambio de equipos ante cualquier falla o inconveniente, evitando gastos y tiempo sin operar su sill\u00f3n dental.Mantenimiento realizado por Dental SIMS, empresa arrendataria.Disponibilidad de Equipos dentales siempre en condiciones operativos. Arriendos mensuales [&hellip;]<\/p>\n","protected":false},"author":1,"featured_media":0,"parent":0,"menu_order":0,"comment_status":"closed","ping_status":"closed","template":"","meta":{"site-sidebar-layout":"no-sidebar","site-content-layout":"","ast-site-content-layout":"full-width-container","site-content-style":"default","site-sidebar-style":"default","ast-global-header-display":"","ast-banner-title-visibility":"","ast-main-header-display":"","ast-hfb-above-header-display":"","ast-hfb-below-header-display":"","ast-hfb-mobile-header-display":"","site-post-title":"disabled","ast-breadcrumbs-content":"","ast-featured-img":"disabled","footer-sml-layout":"","theme-transparent-header-meta":"","adv-header-id-meta":"","stick-header-meta":"","header-above-stick-meta":"","header-main-stick-meta":"","header-below-stick-meta":"","astra-migrate-meta-layouts":"default","ast-page-background-enabled":"default","ast-page-background-meta":{"desktop":{"background-color":"var(--ast-global-color-4)","background-image":"","background-repeat":"repeat","background-position":"center center","background-size":"auto","background-attachment":"scroll","background-type":"","background-media":"","overlay-type":"","overlay-color":"","overlay-opacity":"","overlay-gradient":""},"tablet":{"background-color":"","background-image":"","background-repeat":"repeat","background-position":"center center","background-size":"auto","background-attachment":"scroll","background-type":"","background-media":"","overlay-type":"","overlay-color":"","overlay-opacity":"","overlay-gradient":""},"mobile":{"background-color":"","background-image":"","background-repeat":"repeat","background-position":"center center","background-size":"auto","background-attachment":"scroll","background-type":"","background-media":"","overlay-type":"","overlay-color":"","overlay-opacity":"","overlay-gradient":""}},"ast-content-background-meta":{"desktop":{"background-color":"var(--ast-global-color-5)","background-image":"","background-repeat":"repeat","background-position":"center center","background-size":"auto","background-attachment":"scroll","background-type":"","background-media":"","overlay-type":"","overlay-color":"","overlay-opacity":"","overlay-gradient":""},"tablet":{"background-color":"var(--ast-global-color-5)","background-image":"","background-repeat":"repeat","background-position":"center center","background-size":"auto","background-attachment":"scroll","background-type":"","background-media":"","overlay-type":"","overlay-color":"","overlay-opacity":"","overlay-gradient":""},"mobile":{"background-color":"var(--ast-global-color-5)","background-image":"","background-repeat":"repeat","background-position":"center center","background-size":"auto","background-attachment":"scroll","background-type":"","background-media":"","overlay-type":"","overlay-color":"","overlay-opacity":"","overlay-gradient":""}},"_joinchat":[],"footnotes":""},"class_list":["post-500","page","type-page","status-publish","hentry"],"yoast_head":"<!-- This site is optimized with the Yoast SEO plugin v25.3.1 - https:\/\/yoast.com\/wordpress\/plugins\/seo\/ -->\n<title>Arriendo de equipos | DentalSims<\/title>\n<meta name=\"robots\" content=\"index, follow, max-snippet:-1, max-image-preview:large, max-video-preview:-1\" \/>\n<link rel=\"canonical\" href=\"https:\/\/dentalsims.cl\/index.php\/arriendo-de-equipos\/\" \/>\n<meta property=\"og:locale\" content=\"es_ES\" \/>\n<meta property=\"og:type\" content=\"article\" \/>\n<meta property=\"og:title\" content=\"Arriendo de equipos | DentalSims\" \/>\n<meta property=\"og:description\" content=\"Arriendo de equipos En Dental SIMS contamos con el servicio de arriendo de equipos dentales certificados y con mantenciones adecuadas que permiten : Cambio de equipos ante cualquier falla o inconveniente, evitando gastos y tiempo sin operar su sill\u00f3n dental.Mantenimiento realizado por Dental SIMS, empresa arrendataria.Disponibilidad de Equipos dentales siempre en condiciones operativos. Arriendos mensuales [&hellip;]\" \/>\n<meta property=\"og:url\" content=\"https:\/\/dentalsims.cl\/index.php\/arriendo-de-equipos\/\" \/>\n<meta property=\"og:site_name\" content=\"DentalSims\" \/>\n<meta property=\"article:publisher\" content=\"https:\/\/www.facebook.com\/profile.php?id=61554544680852\" \/>\n<meta property=\"article:modified_time\" content=\"2025-06-11T00:45:36+00:00\" \/>\n<meta property=\"og:image\" content=\"https:\/\/dentalsims.cl\/wp-content\/uploads\/2023\/12\/ejecutiva-dental-300x300-1.png\" \/>\n<meta name=\"twitter:card\" content=\"summary_large_image\" \/>\n<meta name=\"twitter:label1\" content=\"Tiempo de lectura\" \/>\n\t<meta name=\"twitter:data1\" content=\"1 minuto\" \/>\n<script type=\"application\/ld+json\" class=\"yoast-schema-graph\">{\"@context\":\"https:\/\/schema.org\",\"@graph\":[{\"@type\":\"WebPage\",\"@id\":\"https:\/\/dentalsims.cl\/index.php\/arriendo-de-equipos\/\",\"url\":\"https:\/\/dentalsims.cl\/index.php\/arriendo-de-equipos\/\",\"name\":\"Arriendo de equipos | DentalSims\",\"isPartOf\":{\"@id\":\"https:\/\/dentalsims.cl\/#website\"},\"primaryImageOfPage\":{\"@id\":\"https:\/\/dentalsims.cl\/index.php\/arriendo-de-equipos\/#primaryimage\"},\"image\":{\"@id\":\"https:\/\/dentalsims.cl\/index.php\/arriendo-de-equipos\/#primaryimage\"},\"thumbnailUrl\":\"https:\/\/dentalsims.cl\/wp-content\/uploads\/2023\/12\/ejecutiva-dental-300x300-1.png\",\"datePublished\":\"2023-12-12T02:33:17+00:00\",\"dateModified\":\"2025-06-11T00:45:36+00:00\",\"breadcrumb\":{\"@id\":\"https:\/\/dentalsims.cl\/index.php\/arriendo-de-equipos\/#breadcrumb\"},\"inLanguage\":\"es\",\"potentialAction\":[{\"@type\":\"ReadAction\",\"target\":[\"https:\/\/dentalsims.cl\/index.php\/arriendo-de-equipos\/\"]}]},{\"@type\":\"ImageObject\",\"inLanguage\":\"es\",\"@id\":\"https:\/\/dentalsims.cl\/index.php\/arriendo-de-equipos\/#primaryimage\",\"url\":\"https:\/\/dentalsims.cl\/wp-content\/uploads\/2023\/12\/ejecutiva-dental-300x300-1.png\",\"contentUrl\":\"https:\/\/dentalsims.cl\/wp-content\/uploads\/2023\/12\/ejecutiva-dental-300x300-1.png\",\"width\":300,\"height\":300},{\"@type\":\"BreadcrumbList\",\"@id\":\"https:\/\/dentalsims.cl\/index.php\/arriendo-de-equipos\/#breadcrumb\",\"itemListElement\":[{\"@type\":\"ListItem\",\"position\":1,\"name\":\"Portada\",\"item\":\"https:\/\/dentalsims.cl\/\"},{\"@type\":\"ListItem\",\"position\":2,\"name\":\"Arriendo de equipos\"}]},{\"@type\":\"WebSite\",\"@id\":\"https:\/\/dentalsims.cl\/#website\",\"url\":\"https:\/\/dentalsims.cl\/\",\"name\":\"DentalSims\",\"description\":\"Mantencion de equipos dentales\",\"publisher\":{\"@id\":\"https:\/\/dentalsims.cl\/#organization\"},\"potentialAction\":[{\"@type\":\"SearchAction\",\"target\":{\"@type\":\"EntryPoint\",\"urlTemplate\":\"https:\/\/dentalsims.cl\/?s={search_term_string}\"},\"query-input\":{\"@type\":\"PropertyValueSpecification\",\"valueRequired\":true,\"valueName\":\"search_term_string\"}}],\"inLanguage\":\"es\"},{\"@type\":\"Organization\",\"@id\":\"https:\/\/dentalsims.cl\/#organization\",\"name\":\"DentalSims\",\"url\":\"https:\/\/dentalsims.cl\/\",\"logo\":{\"@type\":\"ImageObject\",\"inLanguage\":\"es\",\"@id\":\"https:\/\/dentalsims.cl\/#\/schema\/logo\/image\/\",\"url\":\"https:\/\/dentalsims.cl\/wp-content\/uploads\/2023\/12\/LOGO.png\",\"contentUrl\":\"https:\/\/dentalsims.cl\/wp-content\/uploads\/2023\/12\/LOGO.png\",\"width\":411,\"height\":150,\"caption\":\"DentalSims\"},\"image\":{\"@id\":\"https:\/\/dentalsims.cl\/#\/schema\/logo\/image\/\"},\"sameAs\":[\"https:\/\/www.facebook.com\/profile.php?id=61554544680852\",\"https:\/\/www.instagram.com\/dentalsims\/\"]}]}<\/script>\n<!-- \/ Yoast SEO plugin. -->","yoast_head_json":{"title":"Arriendo de equipos | DentalSims","robots":{"index":"index","follow":"follow","max-snippet":"max-snippet:-1","max-image-preview":"max-image-preview:large","max-video-preview":"max-video-preview:-1"},"canonical":"https:\/\/dentalsims.cl\/index.php\/arriendo-de-equipos\/","og_locale":"es_ES","og_type":"article","og_title":"Arriendo de equipos | DentalSims","og_description":"Arriendo de equipos En Dental SIMS contamos con el servicio de arriendo de equipos dentales certificados y con mantenciones adecuadas que permiten : Cambio de equipos ante cualquier falla o inconveniente, evitando gastos y tiempo sin operar su sill\u00f3n dental.Mantenimiento realizado por Dental SIMS, empresa arrendataria.Disponibilidad de Equipos dentales siempre en condiciones operativos. Arriendos mensuales [&hellip;]","og_url":"https:\/\/dentalsims.cl\/index.php\/arriendo-de-equipos\/","og_site_name":"DentalSims","article_publisher":"https:\/\/www.facebook.com\/profile.php?id=61554544680852","article_modified_time":"2025-06-11T00:45:36+00:00","og_image":[{"url":"https:\/\/dentalsims.cl\/wp-content\/uploads\/2023\/12\/ejecutiva-dental-300x300-1.png","type":"","width":"","height":""}],"twitter_card":"summary_large_image","twitter_misc":{"Tiempo de lectura":"1 minuto"},"schema":{"@context":"https:\/\/schema.org","@graph":[{"@type":"WebPage","@id":"https:\/\/dentalsims.cl\/index.php\/arriendo-de-equipos\/","url":"https:\/\/dentalsims.cl\/index.php\/arriendo-de-equipos\/","name":"Arriendo de equipos | DentalSims","isPartOf":{"@id":"https:\/\/dentalsims.cl\/#website"},"primaryImageOfPage":{"@id":"https:\/\/dentalsims.cl\/index.php\/arriendo-de-equipos\/#primaryimage"},"image":{"@id":"https:\/\/dentalsims.cl\/index.php\/arriendo-de-equipos\/#primaryimage"},"thumbnailUrl":"https:\/\/dentalsims.cl\/wp-content\/uploads\/2023\/12\/ejecutiva-dental-300x300-1.png","datePublished":"2023-12-12T02:33:17+00:00","dateModified":"2025-06-11T00:45:36+00:00","breadcrumb":{"@id":"https:\/\/dentalsims.cl\/index.php\/arriendo-de-equipos\/#breadcrumb"},"inLanguage":"es","potentialAction":[{"@type":"ReadAction","target":["https:\/\/dentalsims.cl\/index.php\/arriendo-de-equipos\/"]}]},{"@type":"ImageObject","inLanguage":"es","@id":"https:\/\/dentalsims.cl\/index.php\/arriendo-de-equipos\/#primaryimage","url":"https:\/\/dentalsims.cl\/wp-content\/uploads\/2023\/12\/ejecutiva-dental-300x300-1.png","contentUrl":"https:\/\/dentalsims.cl\/wp-content\/uploads\/2023\/12\/ejecutiva-dental-300x300-1.png","width":300,"height":300},{"@type":"BreadcrumbList","@id":"https:\/\/dentalsims.cl\/index.php\/arriendo-de-equipos\/#breadcrumb","itemListElement":[{"@type":"ListItem","position":1,"name":"Portada","item":"https:\/\/dentalsims.cl\/"},{"@type":"ListItem","position":2,"name":"Arriendo de equipos"}]},{"@type":"WebSite","@id":"https:\/\/dentalsims.cl\/#website","url":"https:\/\/dentalsims.cl\/","name":"DentalSims","description":"Mantencion de equipos dentales","publisher":{"@id":"https:\/\/dentalsims.cl\/#organization"},"potentialAction":[{"@type":"SearchAction","target":{"@type":"EntryPoint","urlTemplate":"https:\/\/dentalsims.cl\/?s={search_term_string}"},"query-input":{"@type":"PropertyValueSpecification","valueRequired":true,"valueName":"search_term_string"}}],"inLanguage":"es"},{"@type":"Organization","@id":"https:\/\/dentalsims.cl\/#organization","name":"DentalSims","url":"https:\/\/dentalsims.cl\/","logo":{"@type":"ImageObject","inLanguage":"es","@id":"https:\/\/dentalsims.cl\/#\/schema\/logo\/image\/","url":"https:\/\/dentalsims.cl\/wp-content\/uploads\/2023\/12\/LOGO.png","contentUrl":"https:\/\/dentalsims.cl\/wp-content\/uploads\/2023\/12\/LOGO.png","width":411,"height":150,"caption":"DentalSims"},"image":{"@id":"https:\/\/dentalsims.cl\/#\/schema\/logo\/image\/"},"sameAs":["https:\/\/www.facebook.com\/profile.php?id=61554544680852","https:\/\/www.instagram.com\/dentalsims\/"]}]}},"_links":{"self":[{"href":"https:\/\/dentalsims.cl\/index.php\/wp-json\/wp\/v2\/pages\/500","targetHints":{"allow":["GET"]}}],"collection":[{"href":"https:\/\/dentalsims.cl\/index.php\/wp-json\/wp\/v2\/pages"}],"about":[{"href":"https:\/\/dentalsims.cl\/index.php\/wp-json\/wp\/v2\/types\/page"}],"author":[{"embeddable":true,"href":"https:\/\/dentalsims.cl\/index.php\/wp-json\/wp\/v2\/users\/1"}],"replies":[{"embeddable":true,"href":"https:\/\/dentalsims.cl\/index.php\/wp-json\/wp\/v2\/comments?post=500"}],"version-history":[{"count":22,"href":"https:\/\/dentalsims.cl\/index.php\/wp-json\/wp\/v2\/pages\/500\/revisions"}],"predecessor-version":[{"id":832,"href":"https:\/\/dentalsims.cl\/index.php\/wp-json\/wp\/v2\/pages\/500\/revisions\/832"}],"wp:attachment":[{"href":"https:\/\/dentalsims.cl\/index.php\/wp-json\/wp\/v2\/media?parent=500"}],"curies":[{"name":"wp","href":"https:\/\/api.w.org\/{rel}","templated":true}]}}